{"id":15,"date":"2020-12-25T16:54:13","date_gmt":"2020-12-25T15:54:13","guid":{"rendered":"http:\/\/kijek.com\/?page_id=15"},"modified":"2025-05-28T07:40:11","modified_gmt":"2025-05-28T06:40:11","slug":"qualifikationen","status":"publish","type":"page","link":"https:\/\/www.kijek.com\/?page_id=15","title":{"rendered":"Qualifikationen JK"},"content":{"rendered":"\r\n<h2><span style=\"color: #ff0000;\">Qualifikationen als Trainer (alle nachweisbar)<\/span><\/h2>\r\n<ul>\r\n<li>Studium und Referendariat als Gymnasiallehrer<\/li>\r\n<li>Moderation nach der Metaplan-Methode durch Metaplan<\/li>\r\n<li>SPIN-Zertifizierter Trainer<\/li>\r\n<li>Train-the-Trainer-Seminar des amerikanischen Institutes \u201eSales &amp; Merketing Solutions International\u201c in englischer Sprache (Solution Selling)<\/li>\r\n<li>Sicher pr\u00e4sentieren &#8211; wirksamer Vortragen als Professional Business Presenter durch HPS<\/li>\r\n<li>Train-the-Trainer \u201eTrain IT\u201c durch Neuland<\/li>\r\n<li>Train-the-Trainer \u201ePr\u00e4sentieren mit elektronischen Medien\u201c durch Neuland<\/li>\r\n<li>GATT-Trainer (Global Application Training Tools), Proctor &amp; Gamble<\/li>\r\n<li>Aufbau-Moderation f\u00fcr Trainer durch Neulands Skills and Methods<\/li>\r\n<li>Train-the-Trainer: Methodische Gestaltung von technischen Fachtrainings durch Neulands Skills and Methods<\/li>\r\n<li>Moderation f\u00fcr Trainer, Neuland Skills &amp; Methods<\/li>\r\n<li>Online trainieren und lernen durch Think Time<\/li>\r\n<li>Visualisierungstraining, Neuland Skills &amp; Methodsink Time<\/li>\r\n<li>Live-Online-Trainer, gelernt bei Inga Geisler<\/li>\r\n<li>Zeit- und Selbstmanagement bei der IHK (Fachkraft f\u00fcr Selbst- und Zeitmanagement)<\/li>\r\n<li>Online-Weiterbildung der Hochschule &#8222;Psychology at Work&#8220; zum Thema positive Psychologie<\/li>\r\n<li>Im Januar 2024 abgeschlossen: Ausbildung und Zertifizierung als Trainer &#8222;MapsTell&#8220;<\/li>\r\n<li>Am 23. Mai 2025 abgeschlossen: dreit\u00e4gige Ausbildung zum Structogram\u00ae-Trainer<\/li>\r\n<\/ul>\r\n<h2><span style=\"color: #ff0000;\">Qualifikationen als Berater (alle nachweisbar)<\/span><\/h2>\r\n<ul>\r\n<li>Testgest\u00fctzte EInstellungsgespr\u00e4che (LIDO) bei der Unternehmensberatung Wagner-Breukel-Consulting<\/li>\r\n<li>Consult!-Trainer auf der Basis der Erkenntnisse der Herren Kepner and Tregoe<\/li>\r\n<li>Internationale Ausbildung TCO und CONSULT f\u00fcr den Vertrieb durch RICOH international<\/li>\r\n<li>Ausbildung als Auswerter und Interviewer von DNLA<\/li>\r\n<li>Zertifizierung als NLP-Practitioner nach DVNLP<\/li>\r\n<li>\u201eProjektmanagement\u201c bei der Hauffe Akademie<\/li>\r\n<li>Agiles Projektmanagement bei der Hauffe Akademie<\/li>\r\n<\/ul>\r\n<h2><span style=\"color: #ff0000;\">Qualifikationen als Coach (alle nachweisbar)<\/span><\/h2>\r\n<ul>\r\n<li>Der Verkaufsleiter als Coach, DVS<\/li>\r\n<li>Coaching for people manager, Proctor &amp; Gamble<\/li>\r\n<li>Systematisches Coaching bei der Volkshochschule K\u00f6ln beim Business-Coach Lucia Reich<\/li>\r\n<li>2024: Fortbildung PEP nach Dr. Bohne &#8211; in Fortbildung<\/li>\r\n<\/ul>\r\n<h2><span style=\"color: #ff0000;\">Qualifikationen als F\u00fchrungskraft (alle nachweisbar)<\/span><\/h2>\r\n<ul>\r\n<li>Management-Ausbildung in mehreren Modulen durch Infa-Training<\/li>\r\n<li>Team-Training von Klaus Kobjoll<\/li>\r\n<li>Personalf\u00fchrungsinstrumente, Module B und C durch roten Management Consulting GmBh<\/li>\r\n<li>New Manager Emerging Leader, Proctor &amp; Gamble<\/li>\r\n<li>Konsequente F\u00fchrung durch Haufe Akademie<\/li>\r\n<li>F\u00fchrung ohne Weisungsbefugnis durch Neulands Academy for Modern Leadership<\/li>\r\n<li>F\u00fchrungskr\u00e4fte-Entwicklungsprogramm LEAD 2015 \u201eLeadership I\u201c und \u201eLeadership II\u201c durch MTI<\/li>\r\n<li>Verhandlungsf\u00fchrung durch MTI<\/li>\r\n<li>F\u00fchrungskr\u00e4fteentwicklung in 4 Modulen durch PTA (u.a. Lean Management)<\/li>\r\n<li>Training \u201eFehlzeiten reduzieren\u201c durch Enrico Briegert von Briegert &amp; Hochgeschurtz<\/li>\r\n<\/ul>\r\n<h2><span style=\"color: #ff0000;\">Verk\u00e4uferische Qualifikationen (alle nachweisbar)<\/span><\/h2>\r\n<ul>\r\n<li>Diverse Verkaufs-Basisseminare bei allen Firmen, bei denen ich angestellt wurde, immer mehrw\u00f6chig<\/li>\r\n<li>Key-Account-Training \u201eStrategic Value Selling\u201c der schweizerischen Unternehmensberatung ECM<\/li>\r\n<li>Erfolgreich beraten, akquerieren und verkaufen per Telefon durch DVKS<\/li>\r\n<li>Key-Account-Workshop \u201eWohnungswirtschaft\u201c durch VBC<\/li>\r\n<\/ul>\r\n<h2><span style=\"color: #ff0000;\">Qualifikationen im Bereich Computer, Netzwerk und Technik (alle nachweisbar)<\/span><\/h2>\r\n<ul>\r\n<li>EDV Teil II<\/li>\r\n<li>Netzwerk.Trainings durch factor m<\/li>\r\n<li>NOS Novell Netware 3.12<\/li>\r\n<li>MS-Project 2000 durch ADA<\/li>\r\n<li>CompTIA: A+, N+ und CDIA<\/li>\r\n<li>KNX-Grundkurs mit Abschlusspr\u00fcfung durch etz<\/li>\r\n<li>KNX Grundlagen und Aufbau f\u00fcr Homeserver\/Facility Server durch die Gira Akademie<\/li>\r\n<\/ul>\r\n<h2><span style=\"color: #ff0000;\">Sonstige Qualifikationen (alle nachweisbar)<\/span><\/h2>\r\n<ul>\r\n<li>Betriebswirtschaftliches Basiswissen f\u00fcr die erfolgreiche Verkaufsarbeit in Verdr\u00e4ngungsm\u00e4rkten durch Ronald Heckl f\u00fcr DVS<\/li>\r\n<li>Europ\u00e4ischer Wirtschaftsf\u00fchrerschein, Stufe A, als Blended Learning<\/li>\r\n<li>IT-Projektmanagement durch die TOP Business AG<\/li>\r\n<li>Global English \u201eGesch\u00e4ftsenglisch als Internet-Fortbildung<\/li>\r\n<li>Projektmanagement 1 durch gestio<\/li>\r\n<li>Entnahme von Trinkwasserproben in Geb\u00e4uden gem\u00e4\u00df TrinkwV durch T\u00dcV Rheinland<\/li>\r\n<li>Fortbildungsma\u00dfnahme im Sinne des \u00a7 4 der UVV (BGV A 1) und des \u00a7 12 Abs. 1 Arbeitsschutzgesetz (arbSchG) durch BG ETEM<\/li>\r\n<li>Wilo-Brain Optimierung von Heizungsanlagen durch Wilo<\/li>\r\n<li>Grundlagen des Facility Managements die die T\u00dcV S\u00fcd Akademie<\/li>\r\n<li>Management English durch das G.I.T. (Level C2)<\/li>\r\n<\/ul>\r\n\r\n\r\n\r\n<figure class=\"wp-block-image size-large\"><img loading=\"lazy\" decoding=\"async\" width=\"1024\" height=\"333\" class=\"wp-image-87\" src=\"http:\/\/kijek.com\/wp-content\/uploads\/2020\/12\/WwAJErAdSLiPcxqR24_7Mg-e1608990433188-1024x333.jpg\" alt=\"J\u00fcrgen Kijek als Messe-Guide\" srcset=\"http:\/\/kijek.com\/wp-content\/uploads\/2020\/12\/WwAJErAdSLiPcxqR24_7Mg-e1608990433188-1024x333.jpg 1024w, http:\/\/kijek.com\/wp-content\/uploads\/2020\/12\/WwAJErAdSLiPcxqR24_7Mg-e1608990433188-300x98.jpg 300w, http:\/\/kijek.com\/wp-content\/uploads\/2020\/12\/WwAJErAdSLiPcxqR24_7Mg-e1608990433188-768x250.jpg 768w, http:\/\/kijek.com\/wp-content\/uploads\/2020\/12\/WwAJErAdSLiPcxqR24_7Mg-e1608990433188.jpg 1280w\" sizes=\"auto, (max-width: 1024px) 100vw, 1024px\" \/>\r\n<figcaption>Internationale Messe-Rundg\u00e4nge auf der ISH 2019 &#8211; Sie finden mich vorne in der Mitte \ud83d\ude42<\/figcaption>\r\n<\/figure>\r\n\r\n\r\n\r\n<p>&nbsp;<\/p>\r\n","protected":false},"excerpt":{"rendered":"<p>Qualifikationen als Trainer (alle nachweisbar) Studium und Referendariat als Gymnasiallehrer Moderation nach der Metaplan-Methode durch Metaplan SPIN-Zertifizierter Trainer Train-the-Trainer-Seminar des amerikanischen Institutes \u201eSales &amp; Merketing Solutions International\u201c in englischer Sprache (Solution Selling) Sicher pr\u00e4sentieren &#8211; wirksamer Vortragen als Professional Business Presenter durch HPS Train-the-Trainer \u201eTrain IT\u201c durch Neuland Train-the-Trainer \u201ePr\u00e4sentieren mit elektronischen Medien\u201c durch Neuland [&hellip;]<\/p>\n","protected":false},"author":1,"featured_media":0,"parent":0,"menu_order":0,"comment_status":"closed","ping_status":"closed","template":"","meta":{"footnotes":""},"class_list":["post-15","page","type-page","status-publish","czr-hentry"],"_links":{"self":[{"href":"https:\/\/www.kijek.com\/index.php?rest_route=\/wp\/v2\/pages\/15","targetHints":{"allow":["GET"]}}],"collection":[{"href":"https:\/\/www.kijek.com\/index.php?rest_route=\/wp\/v2\/pages"}],"about":[{"href":"https:\/\/www.kijek.com\/index.php?rest_route=\/wp\/v2\/types\/page"}],"author":[{"embeddable":true,"href":"https:\/\/www.kijek.com\/index.php?rest_route=\/wp\/v2\/users\/1"}],"replies":[{"embeddable":true,"href":"https:\/\/www.kijek.com\/index.php?rest_route=%2Fwp%2Fv2%2Fcomments&post=15"}],"version-history":[{"count":14,"href":"https:\/\/www.kijek.com\/index.php?rest_route=\/wp\/v2\/pages\/15\/revisions"}],"predecessor-version":[{"id":329,"href":"https:\/\/www.kijek.com\/index.php?rest_route=\/wp\/v2\/pages\/15\/revisions\/329"}],"wp:attachment":[{"href":"https:\/\/www.kijek.com\/index.php?rest_route=%2Fwp%2Fv2%2Fmedia&parent=15"}],"curies":[{"name":"wp","href":"https:\/\/api.w.org\/{rel}","templated":true}]}}