{"id":18,"date":"2020-12-25T16:54:32","date_gmt":"2020-12-25T15:54:32","guid":{"rendered":"http:\/\/kijek.com\/?page_id=18"},"modified":"2025-05-28T07:38:57","modified_gmt":"2025-05-28T06:38:57","slug":"aktuelle-projekte","status":"publish","type":"page","link":"https:\/\/www.kijek.com\/?page_id=18","title":{"rendered":"Aktuelle Projekte JK"},"content":{"rendered":"\r\n<h2><span style=\"color: #ff0000;\">Das besch\u00e4ftigt mich derzeit:<\/span><\/h2>\r\n<p>F\u00fcr Stiebel Eltron:<\/p>\r\n<ul>\r\n<li>Intensivierung aller Online-Aktivit\u00e4ten<\/li>\r\n<li>Umsetzung des neuen Schulungsauftrittes innerhalb der Stiebel-Eltron-Homepage inkl. Integration der Webinare<\/li>\r\n<li>Einf\u00fchrung einer neuen Buchungssoftware inkl. der automatischen Ausschilderung \u00fcber E-Ink-Displays an den Seminar- und Meetingraumeing\u00e4ngen<\/li>\r\n<li>Einf\u00fchrung eines LMS (Lern-Management-Systems) f\u00fcr unsere Angebote im Bereich Blended-Learning (DE\/EN): Lecturio<\/li>\r\n<li>Einf\u00fchrung eines TMS (Template-Management-Systems) f\u00fcr unsere Berge von PowerPoint-Dateien (DE\/EN): Empower<\/li>\r\n<li>Etablierung einer Online-Lernwoche in Deutschland (DE) und weltweit (EN)<\/li>\r\n<li>Professionalisierung unser Videoaufnahmen f\u00fcr Lehr- und Lernvideos<\/li>\r\n<li>Konzeptionierung und Einf\u00fchrung einer Online-Feedback-Plattform f\u00fcr Kundentrainings<\/li>\r\n<li>Entwicklung und Einf\u00fchrung von zwei Kompetenzmodellen: Vertriebsmitarbeiter*in und Trainer*in<\/li>\r\n<li>Anpassung der Einarbeitung Vertrieb von Structogram zu MapsTell, da ich seit Anfang Januar 2024 zertifizierter Guide bin<\/li>\r\n<li>Einf\u00fchrung eines Autoren-Tools f\u00fcr unsere interaktiven eLearnings (DE\/EN): iSpring<\/li>\r\n<li>Entwicklung und Einf\u00fchrung eines Konzeptes f\u00fcr internationale Vertriebstrainings<\/li>\r\n<li>Sales Excellence: ganzheitliches Konzept f\u00fcr die Steigerung der Vertriebseffizienz mit Schwerpunkt SPIN\u00ae-Selling, Feedback, Coaching und Werkzeugen f\u00fcr die F\u00fchrungskraft<\/li>\r\n<\/ul>\r\n<p>F\u00fcr Kijek &amp; Kijek:<\/p>\r\n<ul>\r\n<li>Angebote zur Ausbildung als LOT (Live-Online-Trainer) f\u00fcr die KVHS Holzminden und Firmen aus meinem Netzwerk (Abus, W\u00fcrth, Strato, Villory &amp; Boch, Kessel)<\/li>\r\n<li>Angebote f\u00fcr die interne Aus- und Weiterbildung der Stadt Freiburg im Breisgau im Bereich Video-Meetings mit BigBlueButton<\/li>\r\n<\/ul>\r\n<p>Privat:<\/p>\r\n<ul>\r\n<li>\u00c4nderung aller Internetseiten von Adobe Muse (wurde letztes Jahr eingestellt) zu Word Press<\/li>\r\n<li>Komplette Sanierung unseres Daches inkl. PV\r\n<ul>\r\n<li>erledigt mit 8 kW<\/li>\r\n<li>zus\u00e4tzlich Batteriespeicher 4,6 kW<\/li>\r\n<\/ul>\r\n<\/li>\r\n<li>Elektrifizierung unseres Fuhrparks\r\n<ul>\r\n<li>Dienstwagen als Hybrid<\/li>\r\n<li>Anja mit Fiat 500e Cabrio<\/li>\r\n<li>Ruben mit E-Corsa<\/li>\r\n<\/ul>\r\n<\/li>\r\n<li>Digitalisierung aller privaten Unterlagen &#8211; aus Ordnern, H\u00e4ngeregistern und Bl\u00e4ttergr\u00e4bern zu OneNote<\/li>\r\n<\/ul>\r\n","protected":false},"excerpt":{"rendered":"<p>Das besch\u00e4ftigt mich derzeit: F\u00fcr Stiebel Eltron: Intensivierung aller Online-Aktivit\u00e4ten Umsetzung des neuen Schulungsauftrittes innerhalb der Stiebel-Eltron-Homepage inkl. Integration der Webinare Einf\u00fchrung einer neuen Buchungssoftware inkl. der automatischen Ausschilderung \u00fcber E-Ink-Displays an den Seminar- und Meetingraumeing\u00e4ngen Einf\u00fchrung eines LMS (Lern-Management-Systems) f\u00fcr unsere Angebote im Bereich Blended-Learning (DE\/EN): Lecturio Einf\u00fchrung eines TMS (Template-Management-Systems) f\u00fcr unsere Berge [&hellip;]<\/p>\n","protected":false},"author":1,"featured_media":0,"parent":0,"menu_order":0,"comment_status":"closed","ping_status":"closed","template":"","meta":{"footnotes":""},"class_list":["post-18","page","type-page","status-publish","czr-hentry"],"_links":{"self":[{"href":"https:\/\/www.kijek.com\/index.php?rest_route=\/wp\/v2\/pages\/18","targetHints":{"allow":["GET"]}}],"collection":[{"href":"https:\/\/www.kijek.com\/index.php?rest_route=\/wp\/v2\/pages"}],"about":[{"href":"https:\/\/www.kijek.com\/index.php?rest_route=\/wp\/v2\/types\/page"}],"author":[{"embeddable":true,"href":"https:\/\/www.kijek.com\/index.php?rest_route=\/wp\/v2\/users\/1"}],"replies":[{"embeddable":true,"href":"https:\/\/www.kijek.com\/index.php?rest_route=%2Fwp%2Fv2%2Fcomments&post=18"}],"version-history":[{"count":14,"href":"https:\/\/www.kijek.com\/index.php?rest_route=\/wp\/v2\/pages\/18\/revisions"}],"predecessor-version":[{"id":328,"href":"https:\/\/www.kijek.com\/index.php?rest_route=\/wp\/v2\/pages\/18\/revisions\/328"}],"wp:attachment":[{"href":"https:\/\/www.kijek.com\/index.php?rest_route=%2Fwp%2Fv2%2Fmedia&parent=18"}],"curies":[{"name":"wp","href":"https:\/\/api.w.org\/{rel}","templated":true}]}}