{"id":249,"date":"2021-03-27T16:25:01","date_gmt":"2021-03-27T15:25:01","guid":{"rendered":"https:\/\/www.kijek.com\/?page_id=249"},"modified":"2021-03-27T16:30:57","modified_gmt":"2021-03-27T15:30:57","slug":"ausbildung-juergen-kijek","status":"publish","type":"page","link":"https:\/\/www.kijek.com\/?page_id=249","title":{"rendered":"Ausbildung JK"},"content":{"rendered":"<h2><span style=\"color: #ff0000;\">Das habe ich bereits im meinem Leben traditionell gelernt:<\/span><\/h2>\n<ul>\n<li>Abitur mit den Leistungskursen Philosophie und Mathematik<\/li>\n<\/ul>\n<ul>\n<li>1. und 2. Staatsexamen f\u00fcr das Lehramt an der Oberstufe in den F\u00e4chern Philosophie, Germanistik und P\u00e4dagogik &#8211; beide mit Auszeichnung<\/li>\n<\/ul>\n<p>Alle weiteren Qualifikationen finden Sie auf der betreffenden Seite; da werden sicherlich noch mehr dazu kommen, ich bin ein Anh\u00e4nger des lebenslangen Lernens.<\/p>\n","protected":false},"excerpt":{"rendered":"<p>Das habe ich bereits im meinem Leben traditionell gelernt: Abitur mit den Leistungskursen Philosophie und Mathematik 1. und 2. Staatsexamen f\u00fcr das Lehramt an der Oberstufe in den F\u00e4chern Philosophie, Germanistik und P\u00e4dagogik &#8211; beide mit Auszeichnung Alle weiteren Qualifikationen finden Sie auf der betreffenden Seite; da werden sicherlich noch mehr dazu kommen, ich bin [&hellip;]<\/p>\n","protected":false},"author":1,"featured_media":0,"parent":0,"menu_order":0,"comment_status":"closed","ping_status":"closed","template":"","meta":{"footnotes":""},"class_list":["post-249","page","type-page","status-publish","czr-hentry"],"_links":{"self":[{"href":"https:\/\/www.kijek.com\/index.php?rest_route=\/wp\/v2\/pages\/249","targetHints":{"allow":["GET"]}}],"collection":[{"href":"https:\/\/www.kijek.com\/index.php?rest_route=\/wp\/v2\/pages"}],"about":[{"href":"https:\/\/www.kijek.com\/index.php?rest_route=\/wp\/v2\/types\/page"}],"author":[{"embeddable":true,"href":"https:\/\/www.kijek.com\/index.php?rest_route=\/wp\/v2\/users\/1"}],"replies":[{"embeddable":true,"href":"https:\/\/www.kijek.com\/index.php?rest_route=%2Fwp%2Fv2%2Fcomments&post=249"}],"version-history":[{"count":4,"href":"https:\/\/www.kijek.com\/index.php?rest_route=\/wp\/v2\/pages\/249\/revisions"}],"predecessor-version":[{"id":255,"href":"https:\/\/www.kijek.com\/index.php?rest_route=\/wp\/v2\/pages\/249\/revisions\/255"}],"wp:attachment":[{"href":"https:\/\/www.kijek.com\/index.php?rest_route=%2Fwp%2Fv2%2Fmedia&parent=249"}],"curies":[{"name":"wp","href":"https:\/\/api.w.org\/{rel}","templated":true}]}}