{"id":256,"date":"2021-03-27T16:32:04","date_gmt":"2021-03-27T15:32:04","guid":{"rendered":"https:\/\/www.kijek.com\/?page_id=256"},"modified":"2025-05-28T07:36:59","modified_gmt":"2025-05-28T06:36:59","slug":"was-wir-bieten-koennen","status":"publish","type":"page","link":"https:\/\/www.kijek.com\/?page_id=256","title":{"rendered":"Was wir Ihnen bieten"},"content":{"rendered":"<h2><span style=\"color: #ff0000;\">Eine Psychologin und ein Lehrer &#8211; diese F\u00e4higkeiten und Fertigkeiten k\u00f6nnen Sie von uns erwarten<\/span><\/h2>\n<ul>\n<li>Kommunikationstrainings\n<ul>\n<li>wir haben beide bei Friedemann Schulz von Thun an der Universit\u00e4t in Hamburg studiert<\/li>\n<li>unser Repertoire umfasst alle wesentlichen Theorien und deren praktische Umsetzung<\/li>\n<li>wir haben schon zwischen einem halben und zwei Tagen trainiert &#8211; je nach Wunsch des Kunden<\/li>\n<\/ul>\n<\/li>\n<li>Mediation &#8211; Anja Kijek ist zertifizierte Mediatorin und bildet sich permanent weiter<\/li>\n<li>Beratung und Coaching &#8211; wir haben beide eine einw\u00f6chige Fortbildung im Bereich &#8222;systematisches Coaching&#8220; mit folgenden Schwerpunkten absolviert (11.08.2023):\n<ul>\n<li>Systemisches Coaching<\/li>\n<li>Affektbilanz<\/li>\n<li>Reframing<\/li>\n<li>Embodiment<\/li>\n<li>Timeline<\/li>\n<li>Pers\u00f6nlichkeitstest<\/li>\n<li>Ressourcenmodell<\/li>\n<\/ul>\n<\/li>\n<li>Moderation &#8211; J\u00fcrgen Kijek ist ausgebildeter Moderator nach Metaplan und Neuland Training<\/li>\n<li>Train the Trainer f\u00fcr Pr\u00e4senz und im virtuellen Raum &#8211; J\u00fcrgen Kijek ist zertifizierter Live-Online-Trainer, hat viele Trainings dazu f\u00fcr die unterschiedlichsten Firmen gegeben:\n<ul>\n<li>Stiebel Eltron<\/li>\n<li>Abus<\/li>\n<li>Kessel<\/li>\n<li>W\u00fcrth<\/li>\n<li>Strato<\/li>\n<\/ul>\n<\/li>\n<li>Anwendung der aktuellen Softwarel\u00f6sungen im Bereich virtuelle Meetings, Webinare, Hybridveranstaltungen und Live-Online-Trainings\n<ul>\n<li>unter Hybridveranstaltungen verstehen wir Veranstaltungen, bei denen einige Teilnehmer*innen in Pr\u00e4senz und andere im virtuellen Raum anwesend sind<\/li>\n<li>Live-Online-Trainings sind in unserem Verst\u00e4ndnis im Gegensatz zu Webinaren auf max. 10 Teilnehmer*innen beschr\u00e4nkt und weisen eine hohe Interaktivit\u00e4t auf<\/li>\n<\/ul>\n<\/li>\n<li>Wir beherrschen nachweislich folgende Softwarel\u00f6sungen f\u00fcr virtuelle Veranstaltungen in Theorie und Praxis\n<ul>\n<li>GoToTraining<\/li>\n<li>GoToMeeting<\/li>\n<li>GoToWebinar<\/li>\n<li>BigBlueButton<\/li>\n<li>Zoom<\/li>\n<li>MS Teams<\/li>\n<li>EduDip<\/li>\n<li>Citrix Webex<\/li>\n<\/ul>\n<\/li>\n<li>Telefontrainings (als eint\u00e4gige Veranstaltung &#8211; nach Wunsch skalierbar), bereits f\u00fcr unterschiedlichste Firmen gegeben:\n<ul>\n<li>Konica<\/li>\n<li>Ricoh<\/li>\n<li>Stiebel Eltron<\/li>\n<li>Gro\u00dfhandel Pietsch<\/li>\n<\/ul>\n<\/li>\n<li>SPIN\u00ae-Trainings &#8211; J\u00fcrgen Kijek ist zertifizierter SPIN\u00ae-Trainer und h\u00e4lt seit \u00fcber 20 Jahren diese Vertriebstrainings in drei Branchen (als zweit\u00e4gige Veranstaltung &#8211; nach Wunsch skalierbar)<\/li>\n<li>Trainings und Workshops im Bereich Zeit- und Selbstmanagement &#8211; J\u00fcrgen Kijek ist IHK-zertifizierte Fachkraft f\u00fcr Selbst- und Zeitmanagement und gibt seit vielen Jahren Kurse zu diesem Themenfeld an (18.04.2023), bereits f\u00fcr unterschiedlichste Firmen gegeben:\n<ul>\n<li>Stiebel Eltron im IN- und deutschsprachigem Ausland<\/li>\n<li>Gro\u00dfhandel Pietsch<\/li>\n<\/ul>\n<\/li>\n<li>Workshops zum Thema &#8222;positive Psychologie&#8220; &#8211; J\u00fcrgen Kijek hat an der Hochschule Hannover dazu an der Online-Weiterbildung &#8222;Psychologie at Work&#8220; mit Erfolg teilgenommen (15.8.2022)<\/li>\n<li>Ganz neu und &#8222;frisch&#8220;: J\u00fcrgen Kijek ist seit 23. Mai 2025 zertifizierter Structogram\u00ae-Trainer<\/li>\n<\/ul>\n<h2><span style=\"color: #ff0000;\">Fordern Sie uns!<\/span><\/h2>\n","protected":false},"excerpt":{"rendered":"<p>Eine Psychologin und ein Lehrer &#8211; diese F\u00e4higkeiten und Fertigkeiten k\u00f6nnen Sie von uns erwarten Kommunikationstrainings wir haben beide bei Friedemann Schulz von Thun an der Universit\u00e4t in Hamburg studiert unser Repertoire umfasst alle wesentlichen Theorien und deren praktische Umsetzung wir haben schon zwischen einem halben und zwei Tagen trainiert &#8211; je nach Wunsch des [&hellip;]<\/p>\n","protected":false},"author":1,"featured_media":0,"parent":0,"menu_order":0,"comment_status":"closed","ping_status":"closed","template":"","meta":{"footnotes":""},"class_list":["post-256","page","type-page","status-publish","czr-hentry"],"_links":{"self":[{"href":"https:\/\/www.kijek.com\/index.php?rest_route=\/wp\/v2\/pages\/256","targetHints":{"allow":["GET"]}}],"collection":[{"href":"https:\/\/www.kijek.com\/index.php?rest_route=\/wp\/v2\/pages"}],"about":[{"href":"https:\/\/www.kijek.com\/index.php?rest_route=\/wp\/v2\/types\/page"}],"author":[{"embeddable":true,"href":"https:\/\/www.kijek.com\/index.php?rest_route=\/wp\/v2\/users\/1"}],"replies":[{"embeddable":true,"href":"https:\/\/www.kijek.com\/index.php?rest_route=%2Fwp%2Fv2%2Fcomments&post=256"}],"version-history":[{"count":10,"href":"https:\/\/www.kijek.com\/index.php?rest_route=\/wp\/v2\/pages\/256\/revisions"}],"predecessor-version":[{"id":327,"href":"https:\/\/www.kijek.com\/index.php?rest_route=\/wp\/v2\/pages\/256\/revisions\/327"}],"wp:attachment":[{"href":"https:\/\/www.kijek.com\/index.php?rest_route=%2Fwp%2Fv2%2Fmedia&parent=256"}],"curies":[{"name":"wp","href":"https:\/\/api.w.org\/{rel}","templated":true}]}}