{"id":277,"date":"2021-03-27T17:15:39","date_gmt":"2021-03-27T16:15:39","guid":{"rendered":"https:\/\/www.kijek.com\/?page_id=277"},"modified":"2022-10-30T11:43:12","modified_gmt":"2022-10-30T10:43:12","slug":"lebenslauf-ak","status":"publish","type":"page","link":"https:\/\/www.kijek.com\/?page_id=277","title":{"rendered":"Lebenslauf AK"},"content":{"rendered":"<h2><span style=\"color: #ff0000;\">Bildungswerk der Hessischen Wirtschaft e.V.<\/span><\/h2>\n<ul>\n<li>02\/1999-10\/2000<\/li>\n<li>P\u00e4dagogische Mitarbeiterin<\/li>\n<li>Training und Vermittlung von jugendlichen Arbeitslosen und Rehabilitanden<\/li>\n<\/ul>\n<h2><span style=\"color: #ff0000;\">ARGE Westerwald<\/span><\/h2>\n<ul>\n<li>05\/2005-06\/2008<\/li>\n<li>Arbeitsvermittlerin<\/li>\n<\/ul>\n<h2><span style=\"color: #ff0000;\">STAR-Dienstleistungen<\/span><\/h2>\n<ul>\n<li>06\/2015-12\/2019<\/li>\n<li>Betreuung von Mitmenschen in Problemsituationen<\/li>\n<\/ul>\n<h2><span style=\"color: #ff0000;\">FAW-Fortbildungsakademie der Wirtschaft<\/span><\/h2>\n<ul>\n<li>12\/2019-07\/2022<\/li>\n<li>Seminarleiterin im p\u00e4dagogischen Dienst<\/li>\n<li>Coach R\u00fcckf\u00fchrung ins Arbeitsleben<\/li>\n<\/ul>\n<h2><span style=\"color: #ff0000; font-size: 18pt;\">Sof<\/span><span style=\"color: #ff0000; font-size: 18pt;\">tdoor<\/span><strong><span style=\"color: #ff0000; font-size: 18pt;\"> GmbH<\/span><\/strong><\/h2>\n<ul>\n<li>seit 07\/2022<\/li>\n<li>t\u00e4tig als Psychologin im den Bereichen Erstdiagnostik und Betreuung<\/li>\n<\/ul>\n","protected":false},"excerpt":{"rendered":"<p>Bildungswerk der Hessischen Wirtschaft e.V. 02\/1999-10\/2000 P\u00e4dagogische Mitarbeiterin Training und Vermittlung von jugendlichen Arbeitslosen und Rehabilitanden ARGE Westerwald 05\/2005-06\/2008 Arbeitsvermittlerin STAR-Dienstleistungen 06\/2015-12\/2019 Betreuung von Mitmenschen in Problemsituationen FAW-Fortbildungsakademie der Wirtschaft 12\/2019-07\/2022 Seminarleiterin im p\u00e4dagogischen Dienst Coach R\u00fcckf\u00fchrung ins Arbeitsleben Softdoor GmbH seit 07\/2022 t\u00e4tig als Psychologin im den Bereichen Erstdiagnostik und Betreuung<\/p>\n","protected":false},"author":1,"featured_media":0,"parent":0,"menu_order":0,"comment_status":"closed","ping_status":"closed","template":"","meta":{"footnotes":""},"class_list":["post-277","page","type-page","status-publish","czr-hentry"],"_links":{"self":[{"href":"https:\/\/www.kijek.com\/index.php?rest_route=\/wp\/v2\/pages\/277","targetHints":{"allow":["GET"]}}],"collection":[{"href":"https:\/\/www.kijek.com\/index.php?rest_route=\/wp\/v2\/pages"}],"about":[{"href":"https:\/\/www.kijek.com\/index.php?rest_route=\/wp\/v2\/types\/page"}],"author":[{"embeddable":true,"href":"https:\/\/www.kijek.com\/index.php?rest_route=\/wp\/v2\/users\/1"}],"replies":[{"embeddable":true,"href":"https:\/\/www.kijek.com\/index.php?rest_route=%2Fwp%2Fv2%2Fcomments&post=277"}],"version-history":[{"count":5,"href":"https:\/\/www.kijek.com\/index.php?rest_route=\/wp\/v2\/pages\/277\/revisions"}],"predecessor-version":[{"id":287,"href":"https:\/\/www.kijek.com\/index.php?rest_route=\/wp\/v2\/pages\/277\/revisions\/287"}],"wp:attachment":[{"href":"https:\/\/www.kijek.com\/index.php?rest_route=%2Fwp%2Fv2%2Fmedia&parent=277"}],"curies":[{"name":"wp","href":"https:\/\/api.w.org\/{rel}","templated":true}]}}