{"id":30,"date":"2020-12-25T16:55:34","date_gmt":"2020-12-25T16:55:34","guid":{"rendered":"http:\/\/kijek.com\/?page_id=30"},"modified":"2024-10-03T15:27:03","modified_gmt":"2024-10-03T14:27:03","slug":"impressum","status":"publish","type":"page","link":"https:\/\/www.kijek.com\/?page_id=30","title":{"rendered":"Impressum"},"content":{"rendered":"\r\n<h2>Die Domain\u00a0<span style=\"color: #ff0000;\">www.kijek.com<\/span><\/h2>\r\n<p>hat J\u00fcrgen Kijek vollst\u00e4ndig selbst mit Hilfe der Software Word Press erstellt und ins Web gestellt &#8211; erste Erfahrungen hat er dabei mit Microsoft FrontPage sowie WebSite5, iWeb und Adobe Muse gesammelt.<\/p>\r\n<p>Mit Urteil vom 12. Mai 1998 hat das Landgericht Hamburg entschieden, dass man durch die Ausbringung eines Links die Inhalte der gelinkten Seite ggf. mit zu verantworten hat. Dies kann &#8211; so das LG &#8211; nur dadurch verhindert werden, dass man sich ausdr\u00fccklich von diesen Inhalten distanziert. Ich habe auf verschiedenen Seiten dieser Homepage Links zu anderen Seiten im Internet gelegt. F\u00fcr all diese Links gilt: Ich m\u00f6chte ausdr\u00fccklich betonen, dass ich keinerlei Einfluss auf die Gestaltung und die Inhalte der gelinkten Seiten habe. Deshalb distanziere ich mich hiermit ausdr\u00fccklich von allen Inhalten aller gelinkten Seiten auf meiner Homepage und mache mir diese Inhalte nicht zu Eigen. Diese Erkl\u00e4rung gilt f\u00fcr alle auf meiner Homepage ausgebrachten Links und f\u00fcr alle Inhalte der Seiten.<\/p>\r\n<p>Impressum: J\u00fcrgen Kijek, wohnhaft Am Mecklenbruch 5 in 37603 Holzminden &#8211; Ortsteil Silberborn.<\/p>\r\n\r\n\r\n\r\n<h2><span style=\"color: #ff0000;\">Kontakt:<\/span><\/h2>\r\n<p>juergen(at)Kijek.com\u00a0<\/p>\r\n","protected":false},"excerpt":{"rendered":"<p>Die Domain\u00a0www.kijek.com hat J\u00fcrgen Kijek vollst\u00e4ndig selbst mit Hilfe der Software Word Press erstellt und ins Web gestellt &#8211; erste Erfahrungen hat er dabei mit Microsoft FrontPage sowie WebSite5, iWeb und Adobe Muse gesammelt. Mit Urteil vom 12. Mai 1998 hat das Landgericht Hamburg entschieden, dass man durch die Ausbringung eines Links die Inhalte der [&hellip;]<\/p>\n","protected":false},"author":1,"featured_media":0,"parent":0,"menu_order":0,"comment_status":"closed","ping_status":"closed","template":"","meta":{"footnotes":""},"class_list":["post-30","page","type-page","status-publish","czr-hentry"],"_links":{"self":[{"href":"https:\/\/www.kijek.com\/index.php?rest_route=\/wp\/v2\/pages\/30","targetHints":{"allow":["GET"]}}],"collection":[{"href":"https:\/\/www.kijek.com\/index.php?rest_route=\/wp\/v2\/pages"}],"about":[{"href":"https:\/\/www.kijek.com\/index.php?rest_route=\/wp\/v2\/types\/page"}],"author":[{"embeddable":true,"href":"https:\/\/www.kijek.com\/index.php?rest_route=\/wp\/v2\/users\/1"}],"replies":[{"embeddable":true,"href":"https:\/\/www.kijek.com\/index.php?rest_route=%2Fwp%2Fv2%2Fcomments&post=30"}],"version-history":[{"count":3,"href":"https:\/\/www.kijek.com\/index.php?rest_route=\/wp\/v2\/pages\/30\/revisions"}],"predecessor-version":[{"id":65,"href":"https:\/\/www.kijek.com\/index.php?rest_route=\/wp\/v2\/pages\/30\/revisions\/65"}],"wp:attachment":[{"href":"https:\/\/www.kijek.com\/index.php?rest_route=%2Fwp%2Fv2%2Fmedia&parent=30"}],"curies":[{"name":"wp","href":"https:\/\/api.w.org\/{rel}","templated":true}]}}