{"id":4,"date":"2020-12-25T16:42:25","date_gmt":"2020-12-25T16:42:25","guid":{"rendered":"http:\/\/kijek.com\/willkommen-auf-http-kijek-com"},"modified":"2025-05-28T07:41:55","modified_gmt":"2025-05-28T06:41:55","slug":"willkommen-auf-http-kijek-com","status":"publish","type":"page","link":"https:\/\/www.kijek.com\/","title":{"rendered":"Willkommen bei Kijek &#038; Kijek &#8211; Kommunikation: wer wir sind"},"content":{"rendered":"\r\n<h2><span style=\"color: #ff0000;\">Wir haben uns entschlossen, unsere Partnerschaft auch beruflich zu nutzen und unsere Kompetenzfelder zu kombinieren<\/span><\/h2>\r\n<ul>\r\n<li>Liest sich erst einmal nicht so spannend: ein ehemaliger Lehrer (std.ass.) und eine ausgebildete Psychologin (dipl.-psych.).<\/li>\r\n<li>Erste gemeinsame Trainings liegen weit zur\u00fcck und handelten von NLP im Vertrieb<\/li>\r\n<li>Sp\u00e4ter kam das gemeinsame Telefontraining f\u00fcr Innendienstmitarbeiter*innen des Fachhandwerks hinzu<\/li>\r\n<li>Im letzten Jahr entwickelten wir dann gemeinsam ein zwei-t\u00e4giges Kommunikationstraining f\u00fcr Mitarbeiter*innen in der Produktion bei Stiebel Eltron<\/li>\r\n<li>Und nun sind wir bei der Online-Ausbildung von Pr\u00e4senztrainer*innen<\/li>\r\n<li>Train-the-Trainer-Workshops runden unser Profil ab<\/li>\r\n<li>Zeit- und Selbstmanagement ist derzeit ein sehr h\u00e4ufig gebuchtes Trainings (6 Stunden)<\/li>\r\n<li>Selbstverst\u00e4ndlich hat jeder von uns noch zus\u00e4tzliche St\u00e4rken, Kompetenzen und Erfahrungen &#8211; dazu erfahren Sie bei den einzelnen Personen viel mehr<\/li>\r\n<li>Ganz neu und &#8222;frisch&#8220;: J\u00fcrgen Kijek ist seit dem 23. Mai 2025 zertifizierter Structogram-Trainer<\/li>\r\n<\/ul>\r\n<p>Viel Vergn\u00fcgen beim Erkunden unserer Pers\u00f6nlichkeiten und wie wir Sie beim Erreichen ihrer Ziele unterst\u00fctzen k\u00f6nnen!<\/p>\r\n<p>&nbsp;<\/p>\r\n<p>Anja und J\u00fcrgen Kijek<\/p>\r\n<p>Silberborn am 28. Mai 2025<\/p>\r\n<p>&nbsp;<\/p>\r\n\r\n\r\n\r\n\r\n\r\n<p>&nbsp;<\/p>\r\n","protected":false},"excerpt":{"rendered":"<p>Wir haben uns entschlossen, unsere Partnerschaft auch beruflich zu nutzen und unsere Kompetenzfelder zu kombinieren Liest sich erst einmal nicht so spannend: ein ehemaliger Lehrer (std.ass.) und eine ausgebildete Psychologin (dipl.-psych.). Erste gemeinsame Trainings liegen weit zur\u00fcck und handelten von NLP im Vertrieb Sp\u00e4ter kam das gemeinsame Telefontraining f\u00fcr Innendienstmitarbeiter*innen des Fachhandwerks hinzu Im letzten [&hellip;]<\/p>\n","protected":false},"author":1,"featured_media":0,"parent":0,"menu_order":0,"comment_status":"closed","ping_status":"open","template":"","meta":{"footnotes":""},"class_list":["post-4","page","type-page","status-publish","czr-hentry"],"_links":{"self":[{"href":"https:\/\/www.kijek.com\/index.php?rest_route=\/wp\/v2\/pages\/4","targetHints":{"allow":["GET"]}}],"collection":[{"href":"https:\/\/www.kijek.com\/index.php?rest_route=\/wp\/v2\/pages"}],"about":[{"href":"https:\/\/www.kijek.com\/index.php?rest_route=\/wp\/v2\/types\/page"}],"author":[{"embeddable":true,"href":"https:\/\/www.kijek.com\/index.php?rest_route=\/wp\/v2\/users\/1"}],"replies":[{"embeddable":true,"href":"https:\/\/www.kijek.com\/index.php?rest_route=%2Fwp%2Fv2%2Fcomments&post=4"}],"version-history":[{"count":19,"href":"https:\/\/www.kijek.com\/index.php?rest_route=\/wp\/v2\/pages\/4\/revisions"}],"predecessor-version":[{"id":315,"href":"https:\/\/www.kijek.com\/index.php?rest_route=\/wp\/v2\/pages\/4\/revisions\/315"}],"wp:attachment":[{"href":"https:\/\/www.kijek.com\/index.php?rest_route=%2Fwp%2Fv2%2Fmedia&parent=4"}],"curies":[{"name":"wp","href":"https:\/\/api.w.org\/{rel}","templated":true}]}}